{"id":1909,"date":"2021-02-19T07:36:27","date_gmt":"2021-02-19T05:36:27","guid":{"rendered":"https:\/\/kulturairtradicijos.vrsa.lt\/?page_id=1909"},"modified":"2021-02-19T07:36:54","modified_gmt":"2021-02-19T05:36:54","slug":"osiagnac","status":"publish","type":"page","link":"https:\/\/kulturairtradicijos.vrsa.lt\/pl\/osiagnac\/","title":{"rendered":"Jak chcia\u0142by\u015b osi\u0105gn\u0105\u0107?"},"content":{"rendered":"","protected":false},"excerpt":{"rendered":"","protected":false},"author":1,"featured_media":0,"parent":0,"menu_order":0,"comment_status":"closed","ping_status":"closed","template":"reach.php","meta":{"_acf_changed":false,"inline_featured_image":false,"footnotes":""},"class_list":["post-1909","page","type-page","status-publish","hentry"],"acf":[],"_links":{"self":[{"href":"https:\/\/kulturairtradicijos.vrsa.lt\/pl\/wp-json\/wp\/v2\/pages\/1909","targetHints":{"allow":["GET"]}}],"collection":[{"href":"https:\/\/kulturairtradicijos.vrsa.lt\/pl\/wp-json\/wp\/v2\/pages"}],"about":[{"href":"https:\/\/kulturairtradicijos.vrsa.lt\/pl\/wp-json\/wp\/v2\/types\/page"}],"author":[{"embeddable":true,"href":"https:\/\/kulturairtradicijos.vrsa.lt\/pl\/wp-json\/wp\/v2\/users\/1"}],"replies":[{"embeddable":true,"href":"https:\/\/kulturairtradicijos.vrsa.lt\/pl\/wp-json\/wp\/v2\/comments?post=1909"}],"version-history":[{"count":1,"href":"https:\/\/kulturairtradicijos.vrsa.lt\/pl\/wp-json\/wp\/v2\/pages\/1909\/revisions"}],"predecessor-version":[{"id":1910,"href":"https:\/\/kulturairtradicijos.vrsa.lt\/pl\/wp-json\/wp\/v2\/pages\/1909\/revisions\/1910"}],"wp:attachment":[{"href":"https:\/\/kulturairtradicijos.vrsa.lt\/pl\/wp-json\/wp\/v2\/media?parent=1909"}],"curies":[{"name":"wp","href":"https:\/\/api.w.org\/{rel}","templated":true}]}}