{"id":1818,"date":"2021-01-27T15:01:21","date_gmt":"2021-01-27T13:01:21","guid":{"rendered":"https:\/\/kulturairtradicijos.vrsa.lt\/?page_id=1818"},"modified":"2022-05-11T12:21:19","modified_gmt":"2022-05-11T10:21:19","slug":"polityka-prywatnosci","status":"publish","type":"page","link":"https:\/\/kulturairtradicijos.vrsa.lt\/pl\/polityka-prywatnosci\/","title":{"rendered":"Polityka prywatno\u015bci"},"content":{"rendered":"\t\t<div data-elementor-type=\"wp-page\" data-elementor-id=\"1818\" class=\"elementor elementor-1818 elementor-1801\">\n\t\t\t\t\t\t<section class=\"elementor-section elementor-top-section elementor-element elementor-element-77627c8 elementor-section-boxed elementor-section-height-default elementor-section-height-default\" data-id=\"77627c8\" data-element_type=\"section\">\n\t\t\t\t\t\t<div class=\"elementor-container elementor-column-gap-default\">\n\t\t\t\t\t<div class=\"elementor-column elementor-col-100 elementor-top-column elementor-element elementor-element-80077a6\" data-id=\"80077a6\" data-element_type=\"column\">\n\t\t\t<div class=\"elementor-widget-wrap elementor-element-populated\">\n\t\t\t\t\t\t<div class=\"elementor-element elementor-element-966542c elementor-widget elementor-widget-heading\" data-id=\"966542c\" data-element_type=\"widget\" data-widget_type=\"heading.default\">\n\t\t\t\t<div class=\"elementor-widget-container\">\n\t\t\t\t\t<div class=\"elementor-heading-title elementor-size-default\">POLITYKA POUFNO\u015aCI<\/div>\t\t\t\t<\/div>\n\t\t\t\t<\/div>\n\t\t\t\t\t<\/div>\n\t\t<\/div>\n\t\t\t\t\t<\/div>\n\t\t<\/section>\n\t\t\t\t<section class=\"elementor-section elementor-top-section elementor-element elementor-element-47c2349 elementor-section-boxed elementor-section-height-default elementor-section-height-default\" data-id=\"47c2349\" data-element_type=\"section\">\n\t\t\t\t\t\t<div class=\"elementor-container elementor-column-gap-default\">\n\t\t\t\t\t<div class=\"elementor-column elementor-col-100 elementor-top-column elementor-element elementor-element-15b5d871\" data-id=\"15b5d871\" data-element_type=\"column\">\n\t\t\t<div class=\"elementor-widget-wrap elementor-element-populated\">\n\t\t\t\t\t\t<div class=\"elementor-element elementor-element-bbaf9d4 elementor-widget elementor-widget-text-editor\" data-id=\"bbaf9d4\" data-element_type=\"widget\" data-widget_type=\"text-editor.default\">\n\t\t\t\t<div class=\"elementor-widget-container\">\n\t\t\t\t\t\t\t\t\t<p>Polityka prywatno\u015bci wirtualnej mapy Wile\u0144szczyzny opisuje, jakie informacje gromadzimy i jak z nich korzystamy.<\/p><ol><li>Jakie dane gromadzimy?<\/li><\/ol><p>Mo\u017cemy gromadzi\u0107, przechowywa\u0107 i wykorzystywa\u0107 nast\u0119puj\u0105ce rodzaje informacji:<\/p><ul><li>informacje o twoim komputerze oraz twoich wizytach i korzystaniu z tej strony (w tym adres IP, po\u0142o\u017cenie geograficzne, typ przegl\u0105darki, z kt\u00f3rej zosta\u0142e\u015b przekierowany, czas trwania wizyty i liczba ods\u0142on);<\/li><li>informacje, kt\u00f3re nam przekazujesz w celu subskrybowania us\u0142ug naszej strony internetowej, powiadomie\u0144 e-mail i\/lub newsletter\u00f3w;<\/li><li>wszelkie inne informacje, kt\u00f3re nam prze\u015blesz.<\/li><\/ul><ol start=\"2\"><li>Pliki cookies<\/li><\/ol><p>Pliki cookies to dane wysy\u0142ane z serwera sieciowego do przegl\u0105darki internetowej i przechowywane przez przegl\u0105dark\u0119. Informacje te s\u0105 nast\u0119pnie przesy\u0142ane z powrotem do serwera za ka\u017cdym razem, gdy przegl\u0105darka \u017c\u0105da strony z tego serwera. Pozwala to serwerowi sieciowemu na identyfikacj\u0119 i \u015bledzenie przegl\u0105darki internetowej. U\u017cywamy Google Analytics do analizy korzystania z tej witryny. Google Analytics generuje statystyki i inne informacje dotycz\u0105ce korzystania przez Ciebie z witryny za pomoc\u0105 plik\u00f3w cookies, kt\u00f3re s\u0105 przechowywane na komputerach u\u017cytkownik\u00f3w. Informacje generowane w zwi\u0105zku z nasz\u0105 witryn\u0105 s\u0142u\u017c\u0105 do generowania raport\u00f3w dotycz\u0105cych korzystania z tej witryny. Te informacje b\u0119d\u0105 przechowywane przez Google. Polityka prywatno\u015bci Google jest dost\u0119pna pod adresem http:\/\/www.google.com\/privacypolicy.html. Na naszej stronie publikujemy reklamy oparte na zainteresowaniach Google Adsense. S\u0105 wybierane przez Google zgodnie z Twoimi zainteresowaniami. Google u\u017cywa plik\u00f3w cookie do \u015bledzenia twoich zachowa\u0144 online w celu zidentyfikowania Twoich zainteresowa\u0144. Mo\u017cesz wy\u015bwietla\u0107, usuwa\u0107 i dodawa\u0107 kategorie zainteresowa\u0144 powi\u0105zane z Twoj\u0105 przegl\u0105dark\u0105 za pomoc\u0105 Mened\u017cera preferencji reklam Google, dost\u0119pnego pod adresem http:\/\/www.google.com\/ads\/preferences\/. Mo\u017cesz zrezygnowa\u0107 z pliku cookies sieci partnerskiej Adsense pod adresem http:\/\/www.google.com\/privacy_ads.html. Jednak ten mechanizm rezygnacji wykorzystuje plik cookie, a je\u015bli usuniesz pliki cookie ze swojego komputera, Twoja rezygnacja nie zostanie zapisana. Aby mie\u0107 pewno\u015b\u0107, \u017ce rezygnacja zostanie zapisana dla okre\u015blonej przegl\u0105darki, nale\u017cy u\u017cy\u0107 wtyczki Google Browser Plugin dost\u0119pnej pod adresem http:\/\/www.google.com\/ads\/preferences\/plugin. Wi\u0119kszo\u015b\u0107 przegl\u0105darek nie pozwala na akceptowanie plik\u00f3w cookie, chocia\u017c niekt\u00f3re przegl\u0105darki pozwalaj\u0105 tylko akceptowa\u0107 pliki cookie stron trzecich. Na przyk\u0142ad w przegl\u0105darce Internet Explorer mo\u017cesz zrezygnowa\u0107 ze wszystkich plik\u00f3w cookie, klikaj\u0105c Narz\u0119dzia&gt; Opcje internetowe&gt; Prywatno\u015b\u0107 i wybieraj\u0105c \u201eZablokuj wszystkie pliki cookie\u201d (przesuwaj\u0105c prze\u0142\u0105cznik). Jednak zablokowanie wszystkich plik\u00f3w cookies wp\u0142ynie negatywnie na dost\u0119p do wielu stron internetowych, w tym do tej.<\/p><ol start=\"3\"><li>Wykorzystywanie twoich danych osobowych<\/li><\/ol><p>Dane osobowe podane na tej stronie b\u0119d\u0105 wykorzystywane do cel\u00f3w okre\u015blonych w niniejszej polityce poufno\u015bci lub w odpowiednich cz\u0119\u015bciach tej strony. Mo\u017cemy wykorzystywa\u0107 Twoje dane osobowe do nast\u0119puj\u0105cych cel\u00f3w:<\/p><ul><li>do zarz\u0105dzania stron\u0105 internetow\u0105;<\/li><li>do ulepszenia jako\u015bci przegl\u0105dania poprzez personalizacj\u0119 tej strony;<\/li><li>za twoj\u0105 zgod\u0105 na wys\u0142anie Ci wiadomo\u015bci e-mail z nasz\u0105 informacj\u0105, kt\u00f3ra naszym zdaniem mo\u017ce Ci\u0119 zainteresowa\u0107 (w ka\u017cdej chwili mo\u017cesz nas poinformowa\u0107, je\u015bli nie chcesz ju\u017c otrzymywa\u0107);<\/li><li>do przekazania informacji statystycznych o naszych u\u017cytkownikach stronom trzecim, ale informacje te nie b\u0119d\u0105 wykorzystywane do identyfikacji \u017cadnego indywidualnego u\u017cytkownika;<\/li><\/ul><p>Nie udost\u0119pnimy twoich danych osobowych \u017cadnym podmiotom trzecim w celach marketingowych bez twojej wyra\u017anej zgody.<\/p><ol start=\"4\"><li>Zmiana polityki<\/li><\/ol><p>Czasami mo\u017cemy aktualizowa\u0107 niniejsz\u0105 Polityk\u0119 prywatno\u015bci, publikuj\u0105c now\u0105 wersj\u0119 na naszej stronie internetowej. Nale\u017cy nale\u017cy przegl\u0105da\u0107 t\u0119 stron\u0119, aby upewni\u0107 si\u0119, \u017ce Pa\u0144stwo s\u0105 zadowoleni z wszelkich zmian.<\/p><ol start=\"5\"><li>Strony internetowe stron trzecich.<\/li><\/ol><p>Ta strona internetowa zawiera linki do innych stron internetowych. Nie ponosimy odpowiedzialno\u015bci za polityk\u0119 prywatno\u015bci lub praktyki stron internetowych stron trzecich.<\/p>\t\t\t\t\t\t\t\t<\/div>\n\t\t\t\t<\/div>\n\t\t\t\t\t<\/div>\n\t\t<\/div>\n\t\t\t\t\t<\/div>\n\t\t<\/section>\n\t\t\t\t<\/div>\n\t\t","protected":false},"excerpt":{"rendered":"<p>POLITYKA POUFNO\u015aCI Polityka prywatno\u015bci wirtualnej mapy Wile\u0144szczyzny opisuje, jakie informacje gromadzimy i jak z nich korzystamy. Jakie dane gromadzimy? Mo\u017cemy gromadzi\u0107, przechowywa\u0107 i wykorzystywa\u0107 nast\u0119puj\u0105ce rodzaje informacji: informacje o twoim komputerze oraz twoich wizytach i korzystaniu z tej strony (w tym adres IP, po\u0142o\u017cenie geograficzne, typ przegl\u0105darki, z kt\u00f3rej zosta\u0142e\u015b przekierowany, czas trwania wizyty i [&hellip;]<\/p>\n","protected":false},"author":1,"featured_media":0,"parent":0,"menu_order":0,"comment_status":"closed","ping_status":"closed","template":"","meta":{"_acf_changed":false,"inline_featured_image":false,"footnotes":""},"class_list":["post-1818","page","type-page","status-publish","hentry"],"acf":[],"_links":{"self":[{"href":"https:\/\/kulturairtradicijos.vrsa.lt\/pl\/wp-json\/wp\/v2\/pages\/1818","targetHints":{"allow":["GET"]}}],"collection":[{"href":"https:\/\/kulturairtradicijos.vrsa.lt\/pl\/wp-json\/wp\/v2\/pages"}],"about":[{"href":"https:\/\/kulturairtradicijos.vrsa.lt\/pl\/wp-json\/wp\/v2\/types\/page"}],"author":[{"embeddable":true,"href":"https:\/\/kulturairtradicijos.vrsa.lt\/pl\/wp-json\/wp\/v2\/users\/1"}],"replies":[{"embeddable":true,"href":"https:\/\/kulturairtradicijos.vrsa.lt\/pl\/wp-json\/wp\/v2\/comments?post=1818"}],"version-history":[{"count":24,"href":"https:\/\/kulturairtradicijos.vrsa.lt\/pl\/wp-json\/wp\/v2\/pages\/1818\/revisions"}],"predecessor-version":[{"id":3993,"href":"https:\/\/kulturairtradicijos.vrsa.lt\/pl\/wp-json\/wp\/v2\/pages\/1818\/revisions\/3993"}],"wp:attachment":[{"href":"https:\/\/kulturairtradicijos.vrsa.lt\/pl\/wp-json\/wp\/v2\/media?parent=1818"}],"curies":[{"name":"wp","href":"https:\/\/api.w.org\/{rel}","templated":true}]}}