{"id":1528,"date":"2020-12-12T15:32:38","date_gmt":"2020-12-12T13:32:38","guid":{"rendered":"https:\/\/kulturairtradicijos.vrsa.lt\/?page_id=1528"},"modified":"2022-05-17T13:53:27","modified_gmt":"2022-05-17T11:53:27","slug":"o-projekcie","status":"publish","type":"page","link":"https:\/\/kulturairtradicijos.vrsa.lt\/pl\/o-projekcie\/","title":{"rendered":"O projekcie"},"content":{"rendered":"\t\t<div data-elementor-type=\"wp-page\" data-elementor-id=\"1528\" class=\"elementor elementor-1528 elementor-23\">\n\t\t\t\t\t\t<section class=\"elementor-section elementor-top-section elementor-element elementor-element-77627c8 elementor-section-boxed elementor-section-height-default elementor-section-height-default\" data-id=\"77627c8\" data-element_type=\"section\">\n\t\t\t\t\t\t<div class=\"elementor-container elementor-column-gap-default\">\n\t\t\t\t\t<div class=\"elementor-column elementor-col-100 elementor-top-column elementor-element elementor-element-80077a6\" data-id=\"80077a6\" data-element_type=\"column\">\n\t\t\t<div class=\"elementor-widget-wrap elementor-element-populated\">\n\t\t\t\t\t\t<div class=\"elementor-element elementor-element-966542c elementor-widget elementor-widget-heading\" data-id=\"966542c\" data-element_type=\"widget\" data-widget_type=\"heading.default\">\n\t\t\t\t<div class=\"elementor-widget-container\">\n\t\t\t\t\t<div class=\"elementor-heading-title elementor-size-default\">Informacje o projekcie<\/div>\t\t\t\t<\/div>\n\t\t\t\t<\/div>\n\t\t\t\t\t<\/div>\n\t\t<\/div>\n\t\t\t\t\t<\/div>\n\t\t<\/section>\n\t\t\t\t<section class=\"elementor-section elementor-top-section elementor-element elementor-element-0d2953f elementor-section-content-top elementor-section-boxed elementor-section-height-default elementor-section-height-default\" data-id=\"0d2953f\" data-element_type=\"section\">\n\t\t\t\t\t\t<div class=\"elementor-container elementor-column-gap-default\">\n\t\t\t\t\t<div class=\"elementor-column elementor-col-100 elementor-top-column elementor-element elementor-element-9934aca\" data-id=\"9934aca\" data-element_type=\"column\">\n\t\t\t<div class=\"elementor-widget-wrap elementor-element-populated\">\n\t\t\t\t\t\t<div class=\"elementor-element elementor-element-1215b50 elementor-widget elementor-widget-image\" data-id=\"1215b50\" data-element_type=\"widget\" data-widget_type=\"image.default\">\n\t\t\t\t<div class=\"elementor-widget-container\">\n\t\t\t\t\t\t\t\t\t\t\t\t\t\t\t<img decoding=\"async\" width=\"300\" height=\"63\" src=\"https:\/\/kulturairtradicijos.vrsa.lt\/wp-content\/uploads\/en-funded-by-the-eu-pos-300x63.jpg\" class=\"attachment-medium size-medium wp-image-3926\" alt=\"\" srcset=\"https:\/\/kulturairtradicijos.vrsa.lt\/wp-content\/uploads\/en-funded-by-the-eu-pos-300x63.jpg 300w, https:\/\/kulturairtradicijos.vrsa.lt\/wp-content\/uploads\/en-funded-by-the-eu-pos-1024x215.jpg 1024w, https:\/\/kulturairtradicijos.vrsa.lt\/wp-content\/uploads\/en-funded-by-the-eu-pos-768x161.jpg 768w, https:\/\/kulturairtradicijos.vrsa.lt\/wp-content\/uploads\/en-funded-by-the-eu-pos-1536x322.jpg 1536w, https:\/\/kulturairtradicijos.vrsa.lt\/wp-content\/uploads\/en-funded-by-the-eu-pos-2048x430.jpg 2048w\" sizes=\"(max-width: 300px) 100vw, 300px\" \/>\t\t\t\t\t\t\t\t\t\t\t\t\t\t\t<\/div>\n\t\t\t\t<\/div>\n\t\t\t\t\t<\/div>\n\t\t<\/div>\n\t\t\t\t\t<\/div>\n\t\t<\/section>\n\t\t\t\t<section class=\"elementor-section elementor-top-section elementor-element elementor-element-100be00 elementor-section-boxed elementor-section-height-default elementor-section-height-default\" data-id=\"100be00\" data-element_type=\"section\">\n\t\t\t\t\t\t<div class=\"elementor-container elementor-column-gap-default\">\n\t\t\t\t\t<div class=\"elementor-column elementor-col-100 elementor-top-column elementor-element elementor-element-aced077\" data-id=\"aced077\" data-element_type=\"column\">\n\t\t\t<div class=\"elementor-widget-wrap elementor-element-populated\">\n\t\t\t\t\t\t<div class=\"elementor-element elementor-element-5798a3d elementor-widget elementor-widget-spacer\" data-id=\"5798a3d\" data-element_type=\"widget\" data-widget_type=\"spacer.default\">\n\t\t\t\t<div class=\"elementor-widget-container\">\n\t\t\t\t\t\t\t<div class=\"elementor-spacer\">\n\t\t\t<div class=\"elementor-spacer-inner\"><\/div>\n\t\t<\/div>\n\t\t\t\t\t\t<\/div>\n\t\t\t\t<\/div>\n\t\t\t\t\t<\/div>\n\t\t<\/div>\n\t\t\t\t\t<\/div>\n\t\t<\/section>\n\t\t\t\t<section class=\"elementor-section elementor-top-section elementor-element elementor-element-47c2349 elementor-section-boxed elementor-section-height-default elementor-section-height-default\" data-id=\"47c2349\" data-element_type=\"section\">\n\t\t\t\t\t\t<div class=\"elementor-container elementor-column-gap-default\">\n\t\t\t\t\t<div class=\"elementor-column elementor-col-100 elementor-top-column elementor-element elementor-element-15b5d871\" data-id=\"15b5d871\" data-element_type=\"column\">\n\t\t\t<div class=\"elementor-widget-wrap elementor-element-populated\">\n\t\t\t\t\t\t<div class=\"elementor-element elementor-element-bbaf9d4 elementor-widget elementor-widget-text-editor\" data-id=\"bbaf9d4\" data-element_type=\"widget\" data-widget_type=\"text-editor.default\">\n\t\t\t\t<div class=\"elementor-widget-container\">\n\t\t\t\t\t\t\t\t\t<p>Projekt \u201eOdkryj na nowo regionalne korzenie\u201d Nr. ENI-LLB-1-108 jest wsp\u00f3\u0142finansowany przez Uni\u0119 Europejsk\u0105 w ramach dzia\u0142ania europejskiej polityki s\u0105siedztwa na lata 2014-2020, na podstawie priorytetu &#8211; promocja kultury lokalnej i zachowanie dziedzictwa historycznego.<\/p><p>Partner wiod\u0105cy: Region Planowania \u017bemgale (\u0141otwa).<\/p><p>Warto\u015b\u0107 ca\u0142kowita projektu 1 031 591.00 EUR. Dofinansowanie z Unii Europejskiej \u2013 928 432,00 euro, pozosta\u0142e 10 proc. to wk\u0142ad partnerski.<\/p><p>Cel projektu:<\/p><ul><li>zachowanie niematerialnego dziedzictwa kulturowego i historycznego poprzez wspieranie rozwoju i konkurencyjno\u015bci turystki kulturowej;<\/li><li>rozw\u00f3j i promocja dziedzictwa kulturowego i historycznego;<\/li><li>zachowanie i promowanie rzemie\u015blnictwa i unikatowych tradycji lokalnych;<\/li><\/ul><p>Dzia\u0142ania projektu:<\/p><ul><li>organizowanie tradycyjnych imprez, wystaw, spotkania r\u00f3\u017cnych pokole\u0144;<\/li><li>instalacja innowacyjnych i interaktywnych ekspozycji;<\/li><li>organizowanie szkole\u0144 dla specjalist\u00f3w kultury i turystyki;<\/li><li>tworzenie wsp\u00f3lnych tras turystycznych; symboli turystycznych;<\/li><li>przygotowanie materia\u0142\u00f3w informacyjnych;<\/li><li>wymiana do\u015bwiadcze\u0144 i wizyty wzajemne.<\/li><\/ul><p>Okres realizacji projektu: 14 05 2019 \u2013 13 11 2021<\/p><p>Mapa zosta\u0142a cz\u0119\u015bciowo sfinansowana przez Uni\u0119 Europejsk\u0105. Za tre\u015b\u0107 tej publikacji odpowiada wy\u0142\u0105cznie Samorz\u0105d Rejonu Wile\u0144skiego i w \u017caden spos\u00f3b nie mo\u017ce by\u0107 traktowana jako odzwierciedlaj\u0105ca pogl\u0105dy Unii Europejskiej.<\/p>\t\t\t\t\t\t\t\t<\/div>\n\t\t\t\t<\/div>\n\t\t\t\t\t<\/div>\n\t\t<\/div>\n\t\t\t\t\t<\/div>\n\t\t<\/section>\n\t\t\t\t<section class=\"elementor-section elementor-top-section elementor-element elementor-element-e907c0a elementor-section-boxed elementor-section-height-default elementor-section-height-default\" data-id=\"e907c0a\" data-element_type=\"section\">\n\t\t\t\t\t\t<div class=\"elementor-container elementor-column-gap-default\">\n\t\t\t\t\t<div class=\"elementor-column elementor-col-100 elementor-top-column elementor-element elementor-element-1aead03\" data-id=\"1aead03\" data-element_type=\"column\">\n\t\t\t<div class=\"elementor-widget-wrap\">\n\t\t\t\t\t\t\t<\/div>\n\t\t<\/div>\n\t\t\t\t\t<\/div>\n\t\t<\/section>\n\t\t\t\t<\/div>\n\t\t","protected":false},"excerpt":{"rendered":"<p>Informacje o projekcie Projekt \u201eOdkryj na nowo regionalne korzenie\u201d Nr. ENI-LLB-1-108 jest wsp\u00f3\u0142finansowany przez Uni\u0119 Europejsk\u0105 w ramach dzia\u0142ania europejskiej polityki s\u0105siedztwa na lata 2014-2020, na podstawie priorytetu &#8211; promocja kultury lokalnej i zachowanie dziedzictwa historycznego. Partner wiod\u0105cy: Region Planowania \u017bemgale (\u0141otwa). Warto\u015b\u0107 ca\u0142kowita projektu 1 031 591.00 EUR. Dofinansowanie z Unii Europejskiej \u2013 928 [&hellip;]<\/p>\n","protected":false},"author":1,"featured_media":3926,"parent":0,"menu_order":0,"comment_status":"closed","ping_status":"closed","template":"","meta":{"_acf_changed":false,"inline_featured_image":false,"footnotes":""},"class_list":["post-1528","page","type-page","status-publish","has-post-thumbnail","hentry"],"acf":[],"_links":{"self":[{"href":"https:\/\/kulturairtradicijos.vrsa.lt\/pl\/wp-json\/wp\/v2\/pages\/1528","targetHints":{"allow":["GET"]}}],"collection":[{"href":"https:\/\/kulturairtradicijos.vrsa.lt\/pl\/wp-json\/wp\/v2\/pages"}],"about":[{"href":"https:\/\/kulturairtradicijos.vrsa.lt\/pl\/wp-json\/wp\/v2\/types\/page"}],"author":[{"embeddable":true,"href":"https:\/\/kulturairtradicijos.vrsa.lt\/pl\/wp-json\/wp\/v2\/users\/1"}],"replies":[{"embeddable":true,"href":"https:\/\/kulturairtradicijos.vrsa.lt\/pl\/wp-json\/wp\/v2\/comments?post=1528"}],"version-history":[{"count":103,"href":"https:\/\/kulturairtradicijos.vrsa.lt\/pl\/wp-json\/wp\/v2\/pages\/1528\/revisions"}],"predecessor-version":[{"id":4057,"href":"https:\/\/kulturairtradicijos.vrsa.lt\/pl\/wp-json\/wp\/v2\/pages\/1528\/revisions\/4057"}],"wp:featuredmedia":[{"embeddable":true,"href":"https:\/\/kulturairtradicijos.vrsa.lt\/pl\/wp-json\/wp\/v2\/media\/3926"}],"wp:attachment":[{"href":"https:\/\/kulturairtradicijos.vrsa.lt\/pl\/wp-json\/wp\/v2\/media?parent=1528"}],"curies":[{"name":"wp","href":"https:\/\/api.w.org\/{rel}","templated":true}]}}